{"id":182,"date":"2022-06-28T01:18:32","date_gmt":"2022-06-28T01:18:32","guid":{"rendered":"http:\/\/localhost\/stward-oil\/?page_id=28"},"modified":"2024-06-01T12:40:07","modified_gmt":"2024-06-01T17:40:07","slug":"services","status":"publish","type":"page","link":"https:\/\/stwards.com\/es\/services\/","title":{"rendered":"Liderando el sector mar\u00edtimo con excelencia"},"content":{"rendered":"<div class=\"boldgrid-section\">\n<div class=\"container\">\n<div class=\"row\">\n<div class=\"col-lg-12 col-md-12 col-xs-12 col-sm-12\">\n<p dir=\"auto\">Stward Corporation fue fundada en septiembre de 2002 con el prop\u00f3sito de convertirse en la empresa l\u00edder en el sector mar\u00edtimo de Panam\u00e1.<\/p>\n<p dir=\"auto\">Contamos con 21 a\u00f1os de experiencia brindando servicios de calidad y seguridad, donde la excelencia en nuestro trabajo es nuestra principal fortaleza. Tenemos la experiencia, capacidad, innovaci\u00f3n, honestidad y excelencia que la industria requiere.<\/p>\n<\/div>\n<\/div>\n<\/div>\n<\/div>","protected":false},"excerpt":{"rendered":"<p>Stward Corporation was founded on September 2002, with the purpose of becoming the leading company in Panama Maritime sector. There are 21 years of experience serving with quality and safety, where excellence in our work is our main strengths. We have experience, capability, innovation, honesty and excellence that the industry requires.<\/p>","protected":false},"author":1,"featured_media":231,"parent":0,"menu_order":0,"comment_status":"closed","ping_status":"closed","template":"page-services.php","meta":{"_acf_changed":false,"_eb_attr":"","_monsterinsights_skip_tracking":false,"_monsterinsights_sitenote_active":false,"_monsterinsights_sitenote_note":"","_monsterinsights_sitenote_category":0,"footnotes":""},"class_list":["post-182","page","type-page","status-publish","has-post-thumbnail","hentry"],"acf":[],"aioseo_notices":[],"_links":{"self":[{"href":"https:\/\/stwards.com\/es\/wp-json\/wp\/v2\/pages\/182","targetHints":{"allow":["GET"]}}],"collection":[{"href":"https:\/\/stwards.com\/es\/wp-json\/wp\/v2\/pages"}],"about":[{"href":"https:\/\/stwards.com\/es\/wp-json\/wp\/v2\/types\/page"}],"author":[{"embeddable":true,"href":"https:\/\/stwards.com\/es\/wp-json\/wp\/v2\/users\/1"}],"replies":[{"embeddable":true,"href":"https:\/\/stwards.com\/es\/wp-json\/wp\/v2\/comments?post=182"}],"version-history":[{"count":1,"href":"https:\/\/stwards.com\/es\/wp-json\/wp\/v2\/pages\/182\/revisions"}],"predecessor-version":[{"id":1204,"href":"https:\/\/stwards.com\/es\/wp-json\/wp\/v2\/pages\/182\/revisions\/1204"}],"wp:featuredmedia":[{"embeddable":true,"href":"https:\/\/stwards.com\/es\/wp-json\/wp\/v2\/media\/231"}],"wp:attachment":[{"href":"https:\/\/stwards.com\/es\/wp-json\/wp\/v2\/media?parent=182"}],"curies":[{"name":"wp","href":"https:\/\/api.w.org\/{rel}","templated":true}]}}